{"id":13276,"date":"2022-06-03T02:59:31","date_gmt":"2022-06-03T06:59:31","guid":{"rendered":"https:\/\/sternbergnew.wpengine.com\/?page_id=13276"},"modified":"2023-09-13T11:58:10","modified_gmt":"2023-09-13T11:58:10","slug":"te-han-negado-la-indemnizacion-laboral","status":"publish","type":"page","link":"https:\/\/www.sternberglawoffice.com\/espanol\/te-han-negado-la-indemnizacion-laboral\/","title":{"rendered":"\u00bfTe han Negado la Indemnizaci\u00f3n Laboral?"},"content":{"rendered":"<p>Cuando te lesionas en el trabajo en Florida, tienes derecho a recibir beneficios espec\u00edficos pagados por la compa\u00f1\u00eda de seguros que proporciona <a href=\"https:\/\/www.sternberglawoffice.com\/are-all-employers-required-to-have-workers-compensation-insurance-coverage\/\">cobertura de seguro de indemnizaci\u00f3n de los trabajadores<\/a>a tu empleador.<\/p>\n<p>Algunas de los beneficios cubiertos por la indemnizaci\u00f3n laboral incluyen el tratamiento m\u00e9dico, la p\u00e9rdida de salario y otros. Si tu lesi\u00f3n es tan grave que no puedes trabajar durante un tiempo prolongado, no hay duda de que puede ser un momento estresante y frustrante.<\/p>\n<p>Si se te niega la<a href=\"https:\/\/www.sternberglawoffice.com\/10-things-you-need-to-know-about-workers-compensation\/\"> reclamaci\u00f3n de beneficios de compensaci\u00f3n laboral<\/a>, la situaci\u00f3n empeora. En esta situaci\u00f3n, es muy recomendable ponerse en contacto con nuestro equipo legal. Podemos ayudar a apelar la decisi\u00f3n y trabajar para asegurar los beneficios que mereces.<\/p>\n<h2>La Notificaci\u00f3n de Negaci\u00f3n de su Reclamaci\u00f3n por Lesiones Laborales en Florida<\/h2>\n<p>Nadie quiere recibir una notificaci\u00f3n de negaci\u00f3n de su reclamaci\u00f3n de indemnizaci\u00f3n por accidente de trabajo.<\/p>\n<p>Si lo haces, significa que tu derecho a estos beneficios ha terminado. Tambi\u00e9n significa que no <a href=\"https:\/\/www.sternberglawoffice.com\/lost-wage-benefits\/\">recibir\u00e1s los cheques de salarios perdidos<\/a>, ni podr\u00e1s seguir recibiendo tratamiento del m\u00e9dico que estabas viendo.<\/p>\n<p>Es importante mencionar que las razones por las que se negar\u00eda tu reclamaci\u00f3n no tienen en cuenta la gravedad de tu lesi\u00f3n ni tu estado actual. El impacto financiero de la lesi\u00f3n tampoco es considerado por el proveedor de seguros. Una compa\u00f1\u00eda de seguros de indemnizaci\u00f3n de los trabajadores de la Florida puede tratar de negar su reclamo sin tener en cuenta el impacto que ha tenido o est\u00e1 teniendo en tu vida y bienestar.<\/p>\n<h2>Razones por las que se Niegan las Reclamaciones de Indemnizaci\u00f3n Laboral en Florida<\/h2>\n<p>Hay algunas razones por las que tu reclamaci\u00f3n de indemnizaci\u00f3n por accidente de trabajo puede ser negada. Estas incluyen:<\/p>\n<h3>Fraude<\/h3>\n<p>Una raz\u00f3n com\u00fan por la que se <a href=\"https:\/\/www.sternberglawoffice.com\/florida-workers-compensation-claims-process\/\">niegan las reclamaciones de indemnizaci\u00f3n de los trabajadores de Florida<\/a> es la sospecha de fraude. Si la compa\u00f1\u00eda de seguros cree que puede detener tus beneficios utilizando la &#8220;defensa contra el fraude&#8221;, entonces tus beneficios pueden estar en problemas.<\/p>\n<p>Por mucho que necesites un tratamiento o una prueba de que la <a href=\"https:\/\/www.sternberglawoffice.com\/west-palm-beach-work-injury-attorneys\/\">lesi\u00f3n estaba completamente relacionada con el trabajo<\/a>, el proveedor puede alegar fraude si no revelaste una lesi\u00f3n anterior. Este ser\u00eda el caso incluso si no tuvieras intenci\u00f3n de ser deshonesto.<\/p>\n<p>Por eso, no informar de una lesi\u00f3n pasada en su reclamaci\u00f3n de <a href=\"https:\/\/www.sternberglawoffice.com\/workers-compensation-how-to-maximize-your-claim\/\">indemnizaci\u00f3n por accidente de trabajo puede suponer un problema<\/a>. Desgraciadamente, esta es una situaci\u00f3n com\u00fan. Es posible que ni siquiera pienses en una lesi\u00f3n que tuviste hace a\u00f1os, por lo que no la incluyes en tu papeleo para la reclamaci\u00f3n o en la consulta del m\u00e9dico. Desafortunadamente, esta omisi\u00f3n puede costarle sus beneficios.<\/p>\n<p>Es imperativo que enumeres todas tus lesiones, afecciones m\u00e9dicas, hospitalizaciones y accidentes anteriores, tanto si se produjeron en el trabajo como si no. Si no facilitas un historial m\u00e9dico completo, la compa\u00f1\u00eda puede argumentar que no has facilitado esta informaci\u00f3n y que has recibido las prestaciones de forma fraudulenta.<\/p>\n<h3>Intimidaci\u00f3n<\/h3>\n<p>La compa\u00f1\u00eda tambi\u00e9n puede intentar negar los beneficios con la esperanza de que no hagas nada. Un representante de la compa\u00f1\u00eda de seguros puede intentar intimidar o asustar para que no sigas adelante con tu reclamaci\u00f3n. Tambi\u00e9n pueden dar alg\u00fan tipo de raz\u00f3n para la negaci\u00f3n que parece leg\u00edtima pero que no lo es.<\/p>\n<p>No hay manera de que conozcas todas las leyes relacionadas con los beneficios de la indemnizaci\u00f3n laboral o c\u00f3mo se aplican a tu caso. Debido a esto, es mejor contratar a un abogado con experiencia en<a href=\"https:\/\/www.sternberglawoffice.com\/florida\/workers-compensation-lawyer\/\"> indemnizaci\u00f3n laboral en Florida<\/a> como nosotros, para que te ayude. Trabajaremos para luchar contra la negativa y para ayudarte a asegurar los beneficios que mereces.<\/p>\n<h2>Dejanos Ayudarte a Luchar por tus Derechos<\/h2>\n<p>Si te han negado tu reclamaci\u00f3n de indemnizaci\u00f3n por accidente laboral, ponte en contacto con nuestro equipo legal. Podemos revisar tu situaci\u00f3n y los hechos de tu caso para ayudarte a asegurar los beneficios que mereces.<\/p>\n<p>El hecho es que las <a href=\"https:\/\/www.sternberglawoffice.com\/florida-workers-compensation-laws\/\">leyes de indemnizaci\u00f3n laboral de Florida<\/a> pueden ser complejas. Si no est\u00e1s familiarizado con ellas o con el proceso, puede ser imposible conocer tus derechos o lo que te corresponde. Sin embargo, nosotros s\u00ed lo sabemos. Trabajamos con estos casos todos los d\u00edas y podemos ayudarte a obtener los beneficios que mereces. <a href=\"https:\/\/www.sternberglawoffice.com\/contact-us\/\">Cont\u00e1ctanos hoy mismo <\/a>para hablar de tu caso y comenzar el proceso de lucha contra la negaci\u00f3n.<\/p>\n","protected":false},"excerpt":{"rendered":"<p>Cuando te lesionas en el trabajo en Florida, tienes derecho a recibir beneficios espec\u00edficos pagados por la compa\u00f1\u00eda de seguros que proporciona cobertura de seguro de indemnizaci\u00f3n de los trabajadoresa tu empleador. Algunas de los beneficios cubiertos por la indemnizaci\u00f3n laboral incluyen el tratamiento m\u00e9dico, la p\u00e9rdida de salario y otros. Si tu lesi\u00f3n es [&hellip;]<\/p>\n","protected":false},"author":13,"featured_media":0,"parent":0,"menu_order":0,"comment_status":"closed","ping_status":"closed","template":"","meta":{"_acf_changed":false,"footnotes":""},"class_list":["post-13276","page","type-page","status-publish","hentry"],"acf":[],"yoast_head":"<!-- This site is optimized with the Yoast SEO plugin v27.4 - https:\/\/yoast.com\/product\/yoast-seo-wordpress\/ -->\n<title>\u00bfTe han Negado la Indemnizaci\u00f3n Laboral? - Sternberg | Forsythe, P.A<\/title>\n<meta name=\"description\" content=\"Si te niegan la reclamaci\u00f3n de beneficios de indemnizaci\u00f3n laboral, la situaci\u00f3n empeora. Podemos ayudar a apelar la decisi\u00f3n y trabajar para asegurar los beneficios que mereces.\" \/>\n<meta name=\"robots\" content=\"index, follow, max-snippet:-1, max-image-preview:large, max-video-preview:-1\" \/>\n<link rel=\"canonical\" href=\"https:\/\/www.sternberglawoffice.com\/espanol\/te-han-negado-la-indemnizacion-laboral\/\" \/>\n<meta property=\"og:locale\" content=\"en_US\" \/>\n<meta property=\"og:type\" content=\"article\" \/>\n<meta property=\"og:title\" content=\"\u00bfTe han Negado la Indemnizaci\u00f3n Laboral? - Sternberg | Forsythe, P.A\" \/>\n<meta property=\"og:description\" content=\"Si te niegan la reclamaci\u00f3n de beneficios de indemnizaci\u00f3n laboral, la situaci\u00f3n empeora. Podemos ayudar a apelar la decisi\u00f3n y trabajar para asegurar los beneficios que mereces.\" \/>\n<meta property=\"og:url\" content=\"https:\/\/www.sternberglawoffice.com\/espanol\/te-han-negado-la-indemnizacion-laboral\/\" \/>\n<meta property=\"og:site_name\" content=\"Sternberg | Forsythe, P.A.\" \/>\n<meta property=\"article:modified_time\" content=\"2023-09-13T11:58:10+00:00\" \/>\n<meta name=\"twitter:card\" content=\"summary_large_image\" \/>\n<meta name=\"twitter:label1\" content=\"Est. reading time\" \/>\n\t<meta name=\"twitter:data1\" content=\"4 minutes\" \/>\n<script type=\"application\/ld+json\" class=\"yoast-schema-graph\">{\"@context\":\"https:\\\/\\\/schema.org\",\"@graph\":[{\"@type\":\"WebPage\",\"@id\":\"https:\\\/\\\/www.sternberglawoffice.com\\\/espanol\\\/te-han-negado-la-indemnizacion-laboral\\\/\",\"url\":\"https:\\\/\\\/www.sternberglawoffice.com\\\/espanol\\\/te-han-negado-la-indemnizacion-laboral\\\/\",\"name\":\"\u00bfTe han Negado la Indemnizaci\u00f3n Laboral? - Sternberg | Forsythe, P.A\",\"isPartOf\":{\"@id\":\"https:\\\/\\\/www.sternberglawoffice.com\\\/espanol\\\/#website\"},\"datePublished\":\"2022-06-03T06:59:31+00:00\",\"dateModified\":\"2023-09-13T11:58:10+00:00\",\"description\":\"Si te niegan la reclamaci\u00f3n de beneficios de indemnizaci\u00f3n laboral, la situaci\u00f3n empeora. Podemos ayudar a apelar la decisi\u00f3n y trabajar para asegurar los beneficios que mereces.\",\"inLanguage\":\"en-US\",\"potentialAction\":[{\"@type\":\"ReadAction\",\"target\":[\"https:\\\/\\\/www.sternberglawoffice.com\\\/espanol\\\/te-han-negado-la-indemnizacion-laboral\\\/\"]}]},{\"@type\":\"WebSite\",\"@id\":\"https:\\\/\\\/www.sternberglawoffice.com\\\/espanol\\\/#website\",\"url\":\"https:\\\/\\\/www.sternberglawoffice.com\\\/espanol\\\/\",\"name\":\"Sternberg | Forsythe, P.A.\",\"description\":\"Just another Sternberg | Forsythe, P.A. Sites site\",\"potentialAction\":[{\"@type\":\"SearchAction\",\"target\":{\"@type\":\"EntryPoint\",\"urlTemplate\":\"https:\\\/\\\/www.sternberglawoffice.com\\\/espanol\\\/?s={search_term_string}\"},\"query-input\":{\"@type\":\"PropertyValueSpecification\",\"valueRequired\":true,\"valueName\":\"search_term_string\"}}],\"inLanguage\":\"en-US\"}]}<\/script>\n<!-- \/ Yoast SEO plugin. -->","yoast_head_json":{"title":"\u00bfTe han Negado la Indemnizaci\u00f3n Laboral? - Sternberg | Forsythe, P.A","description":"Si te niegan la reclamaci\u00f3n de beneficios de indemnizaci\u00f3n laboral, la situaci\u00f3n empeora. Podemos ayudar a apelar la decisi\u00f3n y trabajar para asegurar los beneficios que mereces.","robots":{"index":"index","follow":"follow","max-snippet":"max-snippet:-1","max-image-preview":"max-image-preview:large","max-video-preview":"max-video-preview:-1"},"canonical":"https:\/\/www.sternberglawoffice.com\/espanol\/te-han-negado-la-indemnizacion-laboral\/","og_locale":"en_US","og_type":"article","og_title":"\u00bfTe han Negado la Indemnizaci\u00f3n Laboral? - Sternberg | Forsythe, P.A","og_description":"Si te niegan la reclamaci\u00f3n de beneficios de indemnizaci\u00f3n laboral, la situaci\u00f3n empeora. Podemos ayudar a apelar la decisi\u00f3n y trabajar para asegurar los beneficios que mereces.","og_url":"https:\/\/www.sternberglawoffice.com\/espanol\/te-han-negado-la-indemnizacion-laboral\/","og_site_name":"Sternberg | Forsythe, P.A.","article_modified_time":"2023-09-13T11:58:10+00:00","twitter_card":"summary_large_image","twitter_misc":{"Est. reading time":"4 minutes"},"schema":{"@context":"https:\/\/schema.org","@graph":[{"@type":"WebPage","@id":"https:\/\/www.sternberglawoffice.com\/espanol\/te-han-negado-la-indemnizacion-laboral\/","url":"https:\/\/www.sternberglawoffice.com\/espanol\/te-han-negado-la-indemnizacion-laboral\/","name":"\u00bfTe han Negado la Indemnizaci\u00f3n Laboral? - Sternberg | Forsythe, P.A","isPartOf":{"@id":"https:\/\/www.sternberglawoffice.com\/espanol\/#website"},"datePublished":"2022-06-03T06:59:31+00:00","dateModified":"2023-09-13T11:58:10+00:00","description":"Si te niegan la reclamaci\u00f3n de beneficios de indemnizaci\u00f3n laboral, la situaci\u00f3n empeora. Podemos ayudar a apelar la decisi\u00f3n y trabajar para asegurar los beneficios que mereces.","inLanguage":"en-US","potentialAction":[{"@type":"ReadAction","target":["https:\/\/www.sternberglawoffice.com\/espanol\/te-han-negado-la-indemnizacion-laboral\/"]}]},{"@type":"WebSite","@id":"https:\/\/www.sternberglawoffice.com\/espanol\/#website","url":"https:\/\/www.sternberglawoffice.com\/espanol\/","name":"Sternberg | Forsythe, P.A.","description":"Just another Sternberg | Forsythe, P.A. Sites site","potentialAction":[{"@type":"SearchAction","target":{"@type":"EntryPoint","urlTemplate":"https:\/\/www.sternberglawoffice.com\/espanol\/?s={search_term_string}"},"query-input":{"@type":"PropertyValueSpecification","valueRequired":true,"valueName":"search_term_string"}}],"inLanguage":"en-US"}]}},"_links":{"self":[{"href":"https:\/\/www.sternberglawoffice.com\/espanol\/wp-json\/wp\/v2\/pages\/13276","targetHints":{"allow":["GET"]}}],"collection":[{"href":"https:\/\/www.sternberglawoffice.com\/espanol\/wp-json\/wp\/v2\/pages"}],"about":[{"href":"https:\/\/www.sternberglawoffice.com\/espanol\/wp-json\/wp\/v2\/types\/page"}],"author":[{"embeddable":true,"href":"https:\/\/www.sternberglawoffice.com\/espanol\/wp-json\/wp\/v2\/users\/13"}],"replies":[{"embeddable":true,"href":"https:\/\/www.sternberglawoffice.com\/espanol\/wp-json\/wp\/v2\/comments?post=13276"}],"version-history":[{"count":0,"href":"https:\/\/www.sternberglawoffice.com\/espanol\/wp-json\/wp\/v2\/pages\/13276\/revisions"}],"wp:attachment":[{"href":"https:\/\/www.sternberglawoffice.com\/espanol\/wp-json\/wp\/v2\/media?parent=13276"}],"curies":[{"name":"wp","href":"https:\/\/api.w.org\/{rel}","templated":true}]}}