{"id":13270,"date":"2022-06-03T02:42:21","date_gmt":"2022-06-03T06:42:21","guid":{"rendered":"https:\/\/sternbergnew.wpengine.com\/?page_id=13270"},"modified":"2023-09-13T12:17:22","modified_gmt":"2023-09-13T12:17:22","slug":"los-principales-errores-a-evitar-tras-un-accidente-laboral","status":"publish","type":"page","link":"https:\/\/www.sternberglawoffice.com\/espanol\/los-principales-errores-a-evitar-tras-un-accidente-laboral\/","title":{"rendered":"Los Principales Errores a Evitar Tras un Accidente Laboral"},"content":{"rendered":"<p>En 2020, hubo <a href=\"https:\/\/www.bls.gov\/regions\/southeast\/news-release\/fatalworkinjuries_florida.htm\">275 lesiones laborales mortales<\/a> en Florida. Esto no tiene en cuenta las lesiones leves y graves, ni las lesiones en el lugar de trabajo que nunca fueron reportadas. Desafortunadamente, los accidentes ocurren todo el tiempo. Sin embargo, si ocurren en el trabajo, es importante tomar medidas para protegerte y proteger tus derechos.<\/p>\n<p>Los pasos que tomas y las cosas que haces despu\u00e9s de estar <a href=\"https:\/\/www.sternberglawoffice.com\/common-florida-workplace-accidents-and-how-to-avoid-them\/\">involucrado en un accidente de trabajo <\/a>puede hacer o romper la capacidad de recibir beneficios de indemnizaci\u00f3n laboral. Lo que esto significa es que, si no tomas los pasos correctos, podr\u00eda resultar en que tu reclamo sea negado, o que no recibas los beneficios que realmente mereces.<\/p>\n<p>En Sternberg Forsythe, P.A., te proporcionamos los recursos y la representaci\u00f3n que necesitas para tu reclamaci\u00f3n de compensaci\u00f3n laboral.<\/p>\n<p>Adem\u00e1s de dejarnos<a href=\"https:\/\/www.sternberglawoffice.com\/florida-workers-compensation-claims-process\/\"> ayudar con el proceso legal<\/a>, conocer algunos de los errores m\u00e1s comunes puede ayudarte a evitarlos.<\/p>\n<h2>No Informar de la lesi\u00f3n de inmediato<\/h2>\n<p>Para tener derecho a recibir los beneficios de la compensaci\u00f3n de los trabajadores, es importante reportar la lesi\u00f3n a tu empleador. En Florida, tienes<a href=\"https:\/\/www.sternberglawoffice.com\/notice-filing-requirements-and-deadlines\/\"> 30 d\u00edas desde que se produjo el incidente que caus\u00f3 <\/a>la lesi\u00f3n para informar de la situaci\u00f3n. Si no lo reportas dentro de este plazo, no podr\u00e1s hacerlo. Si bien puedes reportar verbalmente el accidente y la lesi\u00f3n inicialmente, es mejor hacerlo tambi\u00e9n por escrito. Esto proporciona una prueba tangible de cu\u00e1ndo inform\u00f3 de la lesi\u00f3n.<\/p>\n<p>Al informar de tu lesi\u00f3n en el lugar de trabajo a tu empleador o supervisor, ellos deben presentar el informe de la lesi\u00f3n a su proveedor de seguros de indemnizaci\u00f3n laboral. Sin embargo, nunca debes dar por hecho que esto se har\u00e1. Aseg\u00farate de comprobar con ellos que la documentaci\u00f3n se ha presentado. Tambi\u00e9n puedes solicitar copias de toda la documentaci\u00f3n relacionada con tu lesi\u00f3n para conservarla en tus archivos.<\/p>\n<h2>No Recibir Atenci\u00f3n M\u00e9dica<\/h2>\n<p>Es importante acudir a un m\u00e9dico de inmediato para obtener un diagn\u00f3stico m\u00e9dico profesional. Esta es una parte importante para recibir<a href=\"https:\/\/www.sternberglawoffice.com\/a-quick-guide-to-estimating-workers-compensation-benefits\/\"> beneficios de indemnizaci\u00f3n laboral<\/a>. Si bien esto es cierto, es un paso que muchas personas se saltan.<\/p>\n<p>A veces, un accidente laboral provoca lesiones evidentes e inmediatas, como heridas en la cabeza o huesos rotos. En otros casos, las lesiones pueden no mostrar s\u00edntomas hasta horas, d\u00edas o incluso semanas despu\u00e9s.<\/p>\n<p>Tener un historial m\u00e9dico establecido es esencial para demostrar que te lesionaste en el trabajo. Tu m\u00e9dico va a incluir informaci\u00f3n sobre la gravedad de tus lesiones, c\u00f3mo se produjeron, cu\u00e1ndo se produjeron y d\u00f3nde se produjeron. Si esperas demasiado tiempo para recibir tratamiento m\u00e9dico, la aseguradora de tu empresa puede decir que no hay pruebas que demuestren que tu lesi\u00f3n se produjo en el trabajo.<\/p>\n<p>Aunque no tengas la sensaci\u00f3n de haber sufrido una lesi\u00f3n, lo mejor es que <a href=\"https:\/\/www.sternberglawoffice.com\/workers-compensation-medical-benefits\/\">recibas atenci\u00f3n m\u00e9dica<\/a>\u00a0y tratamiento de inmediato. Siempre es mejor estar seguro y saber que todo est\u00e1 debidamente documentado. Esto tambi\u00e9n garantiza que recibas el tratamiento m\u00e9dico que necesitas para reducir la posibilidad de que la lesi\u00f3n empeore.<\/p>\n<h2>Evita Publicar en las Redes Sociales sobre tu Lesi\u00f3n<\/h2>\n<p>En el mundo moderno, es dif\u00edcil encontrar a alguien que no utilice las redes sociales de alguna manera. Mucha gente utiliza estas plataformas con regularidad para mantenerse conectada con la familia y los amigos y simplemente para compartir su vida en l\u00ednea. Sin embargo, si est\u00e1s pasando por un caso de indemnizaci\u00f3n laboral, es mejor que pienses dos veces lo que publicas en las redes sociales.<\/p>\n<p>A veces puedes pensar que est\u00e1s publicando algo no relacionado con tus casos, como una foto o un post; sin embargo, lo siguiente que sabes es que se utiliza en tu contra. Aunque la foto no muestre tus lesiones o que est\u00e9s haciendo algo extremadamente extenuante, puede mostrar que est\u00e1s viviendo &#8220;normalmente&#8221;. Si el perito del seguro encuentra esta foto, puede utilizarla como prueba de que tus lesiones no son tan graves como dec\u00edas.<\/p>\n<p>Recuerda que, aunque tengas<a href=\"https:\/\/www.sternberglawoffice.com\/workers-compensation-case-be-careful-what-you-post-on-social-media\/\"> tu perfil en las redes sociales <\/a>configurado como privado, no hay nada que no se pueda rastrear una vez que se ha publicado en Internet. Esto es especialmente cierto para un ajustador de reclamaciones que est\u00e1 buscando algo que pueda utilizar para negar o reducir tus beneficios.<\/p>\n<h2>Contacta a Nuestro Equipo Legal para que te ayuden con tu Reclamo de Indemnizaci\u00f3n Laboral<\/h2>\n<p>Si te encuentras en medio de una <a href=\"https:\/\/www.sternberglawoffice.com\/boca-raton\/workers-compensation-lawyer\/\">reclamaci\u00f3n de indemnizaci\u00f3n por accidente de trabajo<\/a>, hay m\u00e1s de un factor que debes tener en cuenta. Desafortunadamente, si no tienes cuidado, puedes cometer un error que te costar\u00e1 a largo plazo. Si quieres tener la mejor posibilidad de un resultado exitoso y obtener los beneficios que mereces, deja que nuestro equipo legal te ayude. En Sternberg Forsythe, P.A., estamos aqu\u00ed para luchar por tus derechos y asegurarnos de que recibas un trato justo durante toda la duraci\u00f3n de tu reclamaci\u00f3n. <a href=\"https:\/\/www.sternberglawoffice.com\/espanol\/contacta-con-nosotros\/\">Contacta con nosotros hoy mismo<\/a> para programar una consulta y as\u00ed poder empezar a ayudarte.<\/p>\n<p><strong>Leer m\u00e1s:<\/strong><\/p>\n<p><a href=\"https:\/\/www.sternberglawoffice.com\/assaulted-at-work-and-workers-compensation\/\">Agresi\u00f3n en el Trabajo e Indemnizaci\u00f3n Laboral<\/a><\/p>\n<p><a href=\"https:\/\/www.sternberglawoffice.com\/understanding-work-related-knee-injuries-florida\/\">Entendiendo las Lesiones de Rodilla Relacionadas con el Trabajo<\/a><\/p>\n","protected":false},"excerpt":{"rendered":"<p>En 2020, hubo 275 lesiones laborales mortales en Florida. Esto no tiene en cuenta las lesiones leves y graves, ni las lesiones en el lugar de trabajo que nunca fueron reportadas. Desafortunadamente, los accidentes ocurren todo el tiempo. Sin embargo, si ocurren en el trabajo, es importante tomar medidas para protegerte y proteger tus derechos. [&hellip;]<\/p>\n","protected":false},"author":13,"featured_media":0,"parent":0,"menu_order":0,"comment_status":"closed","ping_status":"closed","template":"","meta":{"_acf_changed":false,"footnotes":""},"class_list":["post-13270","page","type-page","status-publish","hentry"],"acf":[],"yoast_head":"<!-- This site is optimized with the Yoast SEO plugin v27.4 - https:\/\/yoast.com\/product\/yoast-seo-wordpress\/ -->\n<title>Conoce los Principales Errores a Evitar Tras un Accidente Laboral<\/title>\n<meta name=\"description\" content=\"Despu\u00e9s de un accidente laboral, es importante tomar medidas para proteger tus derechos. Contacta con SternbergForsythe, P.A. para obtener ayuda e informaci\u00f3n.\" \/>\n<meta name=\"robots\" content=\"index, follow, max-snippet:-1, max-image-preview:large, max-video-preview:-1\" \/>\n<link rel=\"canonical\" href=\"https:\/\/www.sternberglawoffice.com\/espanol\/los-principales-errores-a-evitar-tras-un-accidente-laboral\/\" \/>\n<meta property=\"og:locale\" content=\"en_US\" \/>\n<meta property=\"og:type\" content=\"article\" \/>\n<meta property=\"og:title\" content=\"Conoce los Principales Errores a Evitar Tras un Accidente Laboral\" \/>\n<meta property=\"og:description\" content=\"Despu\u00e9s de un accidente laboral, es importante tomar medidas para proteger tus derechos. Contacta con SternbergForsythe, P.A. para obtener ayuda e informaci\u00f3n.\" \/>\n<meta property=\"og:url\" content=\"https:\/\/www.sternberglawoffice.com\/espanol\/los-principales-errores-a-evitar-tras-un-accidente-laboral\/\" \/>\n<meta property=\"og:site_name\" content=\"Sternberg | Forsythe, P.A.\" \/>\n<meta property=\"article:modified_time\" content=\"2023-09-13T12:17:22+00:00\" \/>\n<meta name=\"twitter:card\" content=\"summary_large_image\" \/>\n<meta name=\"twitter:label1\" content=\"Est. reading time\" \/>\n\t<meta name=\"twitter:data1\" content=\"4 minutes\" \/>\n<script type=\"application\/ld+json\" class=\"yoast-schema-graph\">{\"@context\":\"https:\\\/\\\/schema.org\",\"@graph\":[{\"@type\":\"WebPage\",\"@id\":\"https:\\\/\\\/www.sternberglawoffice.com\\\/espanol\\\/los-principales-errores-a-evitar-tras-un-accidente-laboral\\\/\",\"url\":\"https:\\\/\\\/www.sternberglawoffice.com\\\/espanol\\\/los-principales-errores-a-evitar-tras-un-accidente-laboral\\\/\",\"name\":\"Conoce los Principales Errores a Evitar Tras un Accidente Laboral\",\"isPartOf\":{\"@id\":\"https:\\\/\\\/www.sternberglawoffice.com\\\/espanol\\\/#website\"},\"datePublished\":\"2022-06-03T06:42:21+00:00\",\"dateModified\":\"2023-09-13T12:17:22+00:00\",\"description\":\"Despu\u00e9s de un accidente laboral, es importante tomar medidas para proteger tus derechos. Contacta con SternbergForsythe, P.A. para obtener ayuda e informaci\u00f3n.\",\"inLanguage\":\"en-US\",\"potentialAction\":[{\"@type\":\"ReadAction\",\"target\":[\"https:\\\/\\\/www.sternberglawoffice.com\\\/espanol\\\/los-principales-errores-a-evitar-tras-un-accidente-laboral\\\/\"]}]},{\"@type\":\"WebSite\",\"@id\":\"https:\\\/\\\/www.sternberglawoffice.com\\\/espanol\\\/#website\",\"url\":\"https:\\\/\\\/www.sternberglawoffice.com\\\/espanol\\\/\",\"name\":\"Sternberg | Forsythe, P.A.\",\"description\":\"Just another Sternberg | Forsythe, P.A. Sites site\",\"potentialAction\":[{\"@type\":\"SearchAction\",\"target\":{\"@type\":\"EntryPoint\",\"urlTemplate\":\"https:\\\/\\\/www.sternberglawoffice.com\\\/espanol\\\/?s={search_term_string}\"},\"query-input\":{\"@type\":\"PropertyValueSpecification\",\"valueRequired\":true,\"valueName\":\"search_term_string\"}}],\"inLanguage\":\"en-US\"}]}<\/script>\n<!-- \/ Yoast SEO plugin. -->","yoast_head_json":{"title":"Conoce los Principales Errores a Evitar Tras un Accidente Laboral","description":"Despu\u00e9s de un accidente laboral, es importante tomar medidas para proteger tus derechos. Contacta con SternbergForsythe, P.A. para obtener ayuda e informaci\u00f3n.","robots":{"index":"index","follow":"follow","max-snippet":"max-snippet:-1","max-image-preview":"max-image-preview:large","max-video-preview":"max-video-preview:-1"},"canonical":"https:\/\/www.sternberglawoffice.com\/espanol\/los-principales-errores-a-evitar-tras-un-accidente-laboral\/","og_locale":"en_US","og_type":"article","og_title":"Conoce los Principales Errores a Evitar Tras un Accidente Laboral","og_description":"Despu\u00e9s de un accidente laboral, es importante tomar medidas para proteger tus derechos. Contacta con SternbergForsythe, P.A. para obtener ayuda e informaci\u00f3n.","og_url":"https:\/\/www.sternberglawoffice.com\/espanol\/los-principales-errores-a-evitar-tras-un-accidente-laboral\/","og_site_name":"Sternberg | Forsythe, P.A.","article_modified_time":"2023-09-13T12:17:22+00:00","twitter_card":"summary_large_image","twitter_misc":{"Est. reading time":"4 minutes"},"schema":{"@context":"https:\/\/schema.org","@graph":[{"@type":"WebPage","@id":"https:\/\/www.sternberglawoffice.com\/espanol\/los-principales-errores-a-evitar-tras-un-accidente-laboral\/","url":"https:\/\/www.sternberglawoffice.com\/espanol\/los-principales-errores-a-evitar-tras-un-accidente-laboral\/","name":"Conoce los Principales Errores a Evitar Tras un Accidente Laboral","isPartOf":{"@id":"https:\/\/www.sternberglawoffice.com\/espanol\/#website"},"datePublished":"2022-06-03T06:42:21+00:00","dateModified":"2023-09-13T12:17:22+00:00","description":"Despu\u00e9s de un accidente laboral, es importante tomar medidas para proteger tus derechos. Contacta con SternbergForsythe, P.A. para obtener ayuda e informaci\u00f3n.","inLanguage":"en-US","potentialAction":[{"@type":"ReadAction","target":["https:\/\/www.sternberglawoffice.com\/espanol\/los-principales-errores-a-evitar-tras-un-accidente-laboral\/"]}]},{"@type":"WebSite","@id":"https:\/\/www.sternberglawoffice.com\/espanol\/#website","url":"https:\/\/www.sternberglawoffice.com\/espanol\/","name":"Sternberg | Forsythe, P.A.","description":"Just another Sternberg | Forsythe, P.A. Sites site","potentialAction":[{"@type":"SearchAction","target":{"@type":"EntryPoint","urlTemplate":"https:\/\/www.sternberglawoffice.com\/espanol\/?s={search_term_string}"},"query-input":{"@type":"PropertyValueSpecification","valueRequired":true,"valueName":"search_term_string"}}],"inLanguage":"en-US"}]}},"_links":{"self":[{"href":"https:\/\/www.sternberglawoffice.com\/espanol\/wp-json\/wp\/v2\/pages\/13270","targetHints":{"allow":["GET"]}}],"collection":[{"href":"https:\/\/www.sternberglawoffice.com\/espanol\/wp-json\/wp\/v2\/pages"}],"about":[{"href":"https:\/\/www.sternberglawoffice.com\/espanol\/wp-json\/wp\/v2\/types\/page"}],"author":[{"embeddable":true,"href":"https:\/\/www.sternberglawoffice.com\/espanol\/wp-json\/wp\/v2\/users\/13"}],"replies":[{"embeddable":true,"href":"https:\/\/www.sternberglawoffice.com\/espanol\/wp-json\/wp\/v2\/comments?post=13270"}],"version-history":[{"count":0,"href":"https:\/\/www.sternberglawoffice.com\/espanol\/wp-json\/wp\/v2\/pages\/13270\/revisions"}],"wp:attachment":[{"href":"https:\/\/www.sternberglawoffice.com\/espanol\/wp-json\/wp\/v2\/media?parent=13270"}],"curies":[{"name":"wp","href":"https:\/\/api.w.org\/{rel}","templated":true}]}}