{"id":13263,"date":"2022-06-03T02:23:28","date_gmt":"2022-06-03T06:23:28","guid":{"rendered":"https:\/\/sternbergnew.wpengine.com\/?page_id=13263"},"modified":"2023-10-18T13:21:13","modified_gmt":"2023-10-18T13:21:13","slug":"consejos-para-volver-al-trabajo-despues-de-una-lesion-laboral-en-florida","status":"publish","type":"page","link":"https:\/\/www.sternberglawoffice.com\/espanol\/consejos-para-volver-al-trabajo-despues-de-una-lesion-laboral-en-florida\/","title":{"rendered":"Consejos para Volver al Trabajo despu\u00e9s de una Lesi\u00f3n Laboral en Florida"},"content":{"rendered":"<p>Si te lesionas mientras trabajas en Florida, el objetivo final es recuperarte y volver al trabajo. Mientras que algunas lesiones pueden hacer esto imposible, muchos trabajadores lesionados quieren volver a trabajar y volver a sus puestos de trabajo, ya que ayuda a pagar las facturas y les da un sentido de prop\u00f3sito y significado.<\/p>\n<p>Aunque <a href=\"https:\/\/www.sternberglawoffice.com\/a-quick-guide-to-estimating-workers-compensation-benefits\/\">losbeneficios de la indemnizaci\u00f3n<\/a> laboralson \u00fatiles cuando se trata de cubrir los gastos m\u00e9dicos y otras p\u00e9rdidas financieras resultantes de la lesi\u00f3n, no sustituyen tu salario a tiempo completo ni los beneficios que antes ten\u00edas.<\/p>\n<p>Si crees que est\u00e1s preparado para volver al trabajo despu\u00e9s de una lesi\u00f3n y<a href=\"https:\/\/www.sternberglawoffice.com\/possible-to-receive-workers-compensation-benefits-in-florida\/\"> recibir una indemnizaci\u00f3n laboral<\/a>, es posible que quieras actuar con rapidez. Sin embargo, debes tener cuidado y considerar algunas cosas. Por ejemplo, debes asegurarte de que te has recuperado completamente de tus lesiones o de que tu m\u00e9dico te ha hecho saber que te has recuperado lo suficiente como para volver a tu trabajo y funciones anteriores.<\/p>\n<p>Aunque esta transici\u00f3n puede ser un reto para algunos, algunos consejos facilitar\u00e1n al trabajador y al empresario.<\/p>\n<h2>Mant\u00e9n la Comunicaci\u00f3n con tu Empleador<\/h2>\n<p>Es conveniente que mantengas a tu jefe o a tu empleador al corriente de lo que ocurre en relaci\u00f3n con tu lesi\u00f3n, tu recuperaci\u00f3n y si tienes previsto volver al trabajo cuando el m\u00e9dico te lo autorice. Tambi\u00e9n puedes hacerles llegar otra informaci\u00f3n relacionada, como tu fecha prevista de regreso. La comunicaci\u00f3n continua tambi\u00e9n ayuda a demostrar a tu empleador que no est\u00e1s intentando aprovecharte de la situaci\u00f3n o &#8220;fingir&#8221;.<\/p>\n<p>Tambi\u00e9n es beneficioso para el empresario. Por ejemplo, pueden prepararse cuando conocen un calendario aproximado de cu\u00e1ndo volver\u00e1s a trabajar. Por ejemplo, si debes volver pero <a href=\"https:\/\/www.sternberglawoffice.com\/light-duty-work-while-receiving-workers-compensation\/\">tienesalgunas restricciones laboralesy<\/a> se lo comunicas a tu empleador con antelaci\u00f3n, ser\u00e1 m\u00e1s f\u00e1cil para ellos encontrar un trabajo que se adapte a las restricciones que tienes. Si no te comunicas con tu empresa y te presentas sin avisar, la transici\u00f3n de vuelta al trabajo ser\u00e1 m\u00e1s dif\u00edcil para todos.<\/p>\n<p>Aunque la comunicaci\u00f3n es importante, no significa que tu empleador ni su proveedor de seguros puedan utilizarla para animarte o presionarte para que vuelvas a trabajar demasiado pronto. Si alguna vez sientes que te est\u00e1n presionando para que vuelvas a trabajar antes de que est\u00e9s preparado o te amenazan <a href=\"https:\/\/www.sternberglawoffice.com\/10-things-you-need-to-know-about-workers-compensation\/\">contus beneficios de indemnizaci\u00f3n<\/a> laboral, ponte en contacto con nuestro equipo legal en <a href=\"https:\/\/www.sternberglawoffice.com\/\">SternbergForsythe, P.A.<\/a>Nos aseguraremos de que tus derechos est\u00e9n protegidos y de que s\u00f3lo vuelvas a trabajar cuando est\u00e9s preparado.<\/p>\n<h2>No Vuelvas a Trabajar Hasta que te Sientas Preparado<\/h2>\n<p>Si has hablado con tu m\u00e9dico, pero no te ha dado el visto bueno para volver al trabajo, no deber\u00edas intentarlo. Si intentas volver al trabajo antes de tiempo, puede afectar a tu recuperaci\u00f3n e incluso provocar una nueva lesi\u00f3n.<\/p>\n<p>Algunas veces puedes sentirte bien y querer volver al trabajo. Sin embargo, no es buena idea hacerlo sin la autorizaci\u00f3n de un m\u00e9dico. Debes asegurarte de que puedes hacer tu trabajo y manejar las tareas encomendadas bien y con seguridad. Si vuelves a tu trabajo antes de tiempo, puede causar muchos problemas y complicaciones.<\/p>\n<p>En algunas situaciones, es posible que tu m\u00e9dico te imponga algunas restricciones para volver al trabajo. Es importante que sigas estas pautas para asegurarte de que puedes recuperarte<a href=\"https:\/\/www.sternberglawoffice.com\/can-you-continue-working-while-recovering-from-an-on-the-job-injury\/\"> completamente de la lesi\u00f3n<\/a>. Si vuelves al trabajo porque &#8220;te sientes bien&#8221; y en contra del consejo de tu m\u00e9dico, esto s\u00f3lo va a aumentar el riesgo de que te vuelvas a lesionar y m\u00e1s frustraci\u00f3n y problemas tanto para ti como para tu empleador.<\/p>\n<p>Si tienes problemas financieros por estar sin trabajo o si tu empleador te presiona para que vuelvas a trabajar antes de que est\u00e9s listo o antes de que tu m\u00e9dico lo apruebe, lo mejor es que nos llames y discutas tu situaci\u00f3n. Tomaremos medidas para ayudar a proteger su salud y sus beneficios de compensaci\u00f3n laboral.<\/p>\n<p>Para los trabajadores que est\u00e1n pensando en volver a trabajar despu\u00e9s de que sus beneficiosde <a href=\"https:\/\/www.sternberglawoffice.com\/florida-workers-compensation-laws\/\">indemnizaci\u00f3n de los trabajadores de la Floridason<\/a> negados o modificados debido a la presi\u00f3n financiera o preocupaciones, contacten con nosotros de inmediato. Podemos revisar qu\u00e9 opciones est\u00e1n disponibles para ti y podemos ser capaces <a href=\"https:\/\/www.sternberglawoffice.com\/lost-wage-benefits\/\">deayudar a recuperar los beneficiosque<\/a> necesitas si no puedes trabajar.<\/p>\n<h2>Qu\u00e9 Hacer si Tu M\u00e9dico te Autoriza a Regresar al Trabajo<\/h2>\n<p>Si el m\u00e9dico que te ha tratado la lesi\u00f3n te autoriza a volver al trabajo, aseg\u00farate de discutir las tareas que tendr\u00e1s. Preg\u00fantale al m\u00e9dico si cree que tu lesi\u00f3n requerir\u00e1 restricciones m\u00e9dicas. Por ejemplo, \u00bften\u00edas un trabajo antes de la lesi\u00f3n que te exig\u00eda levantar objetos pesados? Si es as\u00ed, preg\u00fantale al m\u00e9dico si cree que est\u00e1s preparado para hacer las mismas tareas que hac\u00edas antes de la lesi\u00f3n.<\/p>\n<p>Volver al trabajo despu\u00e9s de <a href=\"https:\/\/www.sternberglawoffice.com\/quick-ways-to-solve-the-workers-compensation-problem\/\">unalesi\u00f3n laboral puede ser dif\u00edcil.<\/a> Esto es especialmente el caso si no est\u00e1s seguro de estar lo suficientemente recuperado para hacer las mismas cosas que hac\u00edas antes de la lesi\u00f3n. Por ello, puede ser una buena idea hablar con nuestro equipo legal.<\/p>\n<h2>Deja que Nuestros Abogados de Indemnizaci\u00f3n Laboral de Florida te ayuden con tu caso<\/h2>\n<p>Contacta con <a href=\"https:\/\/www.sternberglawoffice.com\/florida\/workers-compensation-lawyer\/\">nuestrosabogados de compensaci\u00f3n laboral<\/a> de Floridasi te est\u00e1s recuperando de un accidente laboral y te preocupa volver al trabajo. Podemos revisar tu situaci\u00f3n y las opciones que tienes.<\/p>\n<p>Adem\u00e1s, si tu empleador o su proveedor de seguros intentan presionarte para que vuelvas al trabajo antes de que est\u00e9s preparado, podemos ayudarte. Nos aseguraremos de que sigas recibiendo los beneficios que mereces por la lesi\u00f3n laboral que sufriste. Sin embargo, s\u00f3lo podemos ayudarte si te pones en contacto con nuestro equipo legal. Nos aseguraremos de que recibas los beneficios que mereces por el accidente de trabajo que sufriste.<a href=\"https:\/\/www.sternberglawoffice.com\/espanol\/contacta-con-nosotros\/\">\u00a0 Cont\u00e1ctanos hoy mismopara<\/a> que podamosempezar y ayudarte.<\/p>\n","protected":false},"excerpt":{"rendered":"<p>Si te lesionas mientras trabajas en Florida, el objetivo final es recuperarte y volver al trabajo. Mientras que algunas lesiones pueden hacer esto imposible, muchos trabajadores lesionados quieren volver a trabajar y volver a sus puestos de trabajo, ya que ayuda a pagar las facturas y les da un sentido de prop\u00f3sito y significado. Aunque [&hellip;]<\/p>\n","protected":false},"author":13,"featured_media":0,"parent":0,"menu_order":0,"comment_status":"closed","ping_status":"closed","template":"","meta":{"_acf_changed":false,"footnotes":""},"class_list":["post-13263","page","type-page","status-publish","hentry"],"acf":[],"yoast_head":"<!-- This site is optimized with the Yoast SEO plugin v27.3 - https:\/\/yoast.com\/product\/yoast-seo-wordpress\/ -->\n<title>Consejos Importantes para Volver al Trabajo despu\u00e9s de una Lesi\u00f3n Laboral en Florida<\/title>\n<meta name=\"description\" content=\"Si crees que est\u00e1s preparado para volver al trabajo despu\u00e9s de una lesi\u00f3n y recibir una indemnizaci\u00f3n por accidente laboral. Sin embargo, debes tener cuidado y considerar algunas cosas.\" \/>\n<meta name=\"robots\" content=\"index, follow, max-snippet:-1, max-image-preview:large, max-video-preview:-1\" \/>\n<link rel=\"canonical\" href=\"https:\/\/www.sternberglawoffice.com\/espanol\/consejos-para-volver-al-trabajo-despues-de-una-lesion-laboral-en-florida\/\" \/>\n<meta property=\"og:locale\" content=\"en_US\" \/>\n<meta property=\"og:type\" content=\"article\" \/>\n<meta property=\"og:title\" content=\"Consejos Importantes para Volver al Trabajo despu\u00e9s de una Lesi\u00f3n Laboral en Florida\" \/>\n<meta property=\"og:description\" content=\"Si crees que est\u00e1s preparado para volver al trabajo despu\u00e9s de una lesi\u00f3n y recibir una indemnizaci\u00f3n por accidente laboral. Sin embargo, debes tener cuidado y considerar algunas cosas.\" \/>\n<meta property=\"og:url\" content=\"https:\/\/www.sternberglawoffice.com\/espanol\/consejos-para-volver-al-trabajo-despues-de-una-lesion-laboral-en-florida\/\" \/>\n<meta property=\"og:site_name\" content=\"Sternberg | Forsythe, P.A.\" \/>\n<meta property=\"article:modified_time\" content=\"2023-10-18T13:21:13+00:00\" \/>\n<meta name=\"twitter:card\" content=\"summary_large_image\" \/>\n<meta name=\"twitter:label1\" content=\"Est. reading time\" \/>\n\t<meta name=\"twitter:data1\" content=\"5 minutes\" \/>\n<script type=\"application\/ld+json\" class=\"yoast-schema-graph\">{\"@context\":\"https:\\\/\\\/schema.org\",\"@graph\":[{\"@type\":\"WebPage\",\"@id\":\"https:\\\/\\\/www.sternberglawoffice.com\\\/espanol\\\/consejos-para-volver-al-trabajo-despues-de-una-lesion-laboral-en-florida\\\/\",\"url\":\"https:\\\/\\\/www.sternberglawoffice.com\\\/espanol\\\/consejos-para-volver-al-trabajo-despues-de-una-lesion-laboral-en-florida\\\/\",\"name\":\"Consejos Importantes para Volver al Trabajo despu\u00e9s de una Lesi\u00f3n Laboral en Florida\",\"isPartOf\":{\"@id\":\"https:\\\/\\\/www.sternberglawoffice.com\\\/espanol\\\/#website\"},\"datePublished\":\"2022-06-03T06:23:28+00:00\",\"dateModified\":\"2023-10-18T13:21:13+00:00\",\"description\":\"Si crees que est\u00e1s preparado para volver al trabajo despu\u00e9s de una lesi\u00f3n y recibir una indemnizaci\u00f3n por accidente laboral. Sin embargo, debes tener cuidado y considerar algunas cosas.\",\"inLanguage\":\"en-US\",\"potentialAction\":[{\"@type\":\"ReadAction\",\"target\":[\"https:\\\/\\\/www.sternberglawoffice.com\\\/espanol\\\/consejos-para-volver-al-trabajo-despues-de-una-lesion-laboral-en-florida\\\/\"]}]},{\"@type\":\"WebSite\",\"@id\":\"https:\\\/\\\/www.sternberglawoffice.com\\\/espanol\\\/#website\",\"url\":\"https:\\\/\\\/www.sternberglawoffice.com\\\/espanol\\\/\",\"name\":\"Sternberg | Forsythe, P.A.\",\"description\":\"Just another Sternberg | Forsythe, P.A. Sites site\",\"potentialAction\":[{\"@type\":\"SearchAction\",\"target\":{\"@type\":\"EntryPoint\",\"urlTemplate\":\"https:\\\/\\\/www.sternberglawoffice.com\\\/espanol\\\/?s={search_term_string}\"},\"query-input\":{\"@type\":\"PropertyValueSpecification\",\"valueRequired\":true,\"valueName\":\"search_term_string\"}}],\"inLanguage\":\"en-US\"}]}<\/script>\n<!-- \/ Yoast SEO plugin. -->","yoast_head_json":{"title":"Consejos Importantes para Volver al Trabajo despu\u00e9s de una Lesi\u00f3n Laboral en Florida","description":"Si crees que est\u00e1s preparado para volver al trabajo despu\u00e9s de una lesi\u00f3n y recibir una indemnizaci\u00f3n por accidente laboral. Sin embargo, debes tener cuidado y considerar algunas cosas.","robots":{"index":"index","follow":"follow","max-snippet":"max-snippet:-1","max-image-preview":"max-image-preview:large","max-video-preview":"max-video-preview:-1"},"canonical":"https:\/\/www.sternberglawoffice.com\/espanol\/consejos-para-volver-al-trabajo-despues-de-una-lesion-laboral-en-florida\/","og_locale":"en_US","og_type":"article","og_title":"Consejos Importantes para Volver al Trabajo despu\u00e9s de una Lesi\u00f3n Laboral en Florida","og_description":"Si crees que est\u00e1s preparado para volver al trabajo despu\u00e9s de una lesi\u00f3n y recibir una indemnizaci\u00f3n por accidente laboral. Sin embargo, debes tener cuidado y considerar algunas cosas.","og_url":"https:\/\/www.sternberglawoffice.com\/espanol\/consejos-para-volver-al-trabajo-despues-de-una-lesion-laboral-en-florida\/","og_site_name":"Sternberg | Forsythe, P.A.","article_modified_time":"2023-10-18T13:21:13+00:00","twitter_card":"summary_large_image","twitter_misc":{"Est. reading time":"5 minutes"},"schema":{"@context":"https:\/\/schema.org","@graph":[{"@type":"WebPage","@id":"https:\/\/www.sternberglawoffice.com\/espanol\/consejos-para-volver-al-trabajo-despues-de-una-lesion-laboral-en-florida\/","url":"https:\/\/www.sternberglawoffice.com\/espanol\/consejos-para-volver-al-trabajo-despues-de-una-lesion-laboral-en-florida\/","name":"Consejos Importantes para Volver al Trabajo despu\u00e9s de una Lesi\u00f3n Laboral en Florida","isPartOf":{"@id":"https:\/\/www.sternberglawoffice.com\/espanol\/#website"},"datePublished":"2022-06-03T06:23:28+00:00","dateModified":"2023-10-18T13:21:13+00:00","description":"Si crees que est\u00e1s preparado para volver al trabajo despu\u00e9s de una lesi\u00f3n y recibir una indemnizaci\u00f3n por accidente laboral. Sin embargo, debes tener cuidado y considerar algunas cosas.","inLanguage":"en-US","potentialAction":[{"@type":"ReadAction","target":["https:\/\/www.sternberglawoffice.com\/espanol\/consejos-para-volver-al-trabajo-despues-de-una-lesion-laboral-en-florida\/"]}]},{"@type":"WebSite","@id":"https:\/\/www.sternberglawoffice.com\/espanol\/#website","url":"https:\/\/www.sternberglawoffice.com\/espanol\/","name":"Sternberg | Forsythe, P.A.","description":"Just another Sternberg | Forsythe, P.A. Sites site","potentialAction":[{"@type":"SearchAction","target":{"@type":"EntryPoint","urlTemplate":"https:\/\/www.sternberglawoffice.com\/espanol\/?s={search_term_string}"},"query-input":{"@type":"PropertyValueSpecification","valueRequired":true,"valueName":"search_term_string"}}],"inLanguage":"en-US"}]}},"_links":{"self":[{"href":"https:\/\/www.sternberglawoffice.com\/espanol\/wp-json\/wp\/v2\/pages\/13263","targetHints":{"allow":["GET"]}}],"collection":[{"href":"https:\/\/www.sternberglawoffice.com\/espanol\/wp-json\/wp\/v2\/pages"}],"about":[{"href":"https:\/\/www.sternberglawoffice.com\/espanol\/wp-json\/wp\/v2\/types\/page"}],"author":[{"embeddable":true,"href":"https:\/\/www.sternberglawoffice.com\/espanol\/wp-json\/wp\/v2\/users\/13"}],"replies":[{"embeddable":true,"href":"https:\/\/www.sternberglawoffice.com\/espanol\/wp-json\/wp\/v2\/comments?post=13263"}],"version-history":[{"count":0,"href":"https:\/\/www.sternberglawoffice.com\/espanol\/wp-json\/wp\/v2\/pages\/13263\/revisions"}],"wp:attachment":[{"href":"https:\/\/www.sternberglawoffice.com\/espanol\/wp-json\/wp\/v2\/media?parent=13263"}],"curies":[{"name":"wp","href":"https:\/\/api.w.org\/{rel}","templated":true}]}}