{"id":13253,"date":"2022-06-03T01:45:20","date_gmt":"2022-06-03T05:45:20","guid":{"rendered":"https:\/\/sternbergnew.wpengine.com\/?page_id=13253"},"modified":"2023-07-24T07:36:36","modified_gmt":"2023-07-24T07:36:36","slug":"accidentes-agricolas-en-florida","status":"publish","type":"page","link":"https:\/\/www.sternberglawoffice.com\/espanol\/accidentes-agricolas-en-florida\/","title":{"rendered":"Accidentes Agr\u00edcolas en Florida"},"content":{"rendered":"<p>Trabajar en una granja es un trabajo duro que requiere muchas horas al d\u00eda. Factores como los horarios prolongados, las condiciones de trabajo calurosas, la maquinaria pesada y los animales contribuyen a los accidentes agr\u00edcolas en Florida.<\/p>\n<p>Sin embargo, cuando se produce un <a href=\"https:\/\/www.sternberglawoffice.com\/outdoor-workers-could-enjoy-greater-protection-under-new-law-that-targets-heat-related-illness\/\">accidente agr\u00edcola<\/a>, quiz\u00e1s te preguntes qu\u00e9 derechos tienes. En estas situaciones, uno de los primeros pasos que debes dar es ponerte en contacto con nuestros abogados especializados en lesiones laborales de Sternberg Forsythe, P.A.Tenemos a\u00f1os de experiencia representando a clientes y casos relacionados con accidentes agr\u00edcolas y asegurando que los trabajadores lesionados reciban los beneficios e indeminizaciones que merecen. Podemos proporcionarte la misma calidad y representaci\u00f3n agresiva.<\/p>\n<h2>Responsabilidad en los Accidentes Agr\u00edcolas de Florida<\/h2>\n<p><a href=\"https:\/\/www.sternberglawoffice.com\/common-causes-of-house-fires-and-how-to-prevent-them\/\">Determinar la causa y la responsabilidad<\/a> de un accidente agr\u00edcola es una consideraci\u00f3n importante a la hora de presentar una demanda. En el caso de los accidentes agr\u00edcolas, hay varias partes potencialmente responsables. Los contratistas generales y los propietarios tienen la obligaci\u00f3n de proporcionar condiciones de trabajo seguras, mientras que los proveedores de materiales y los fabricantes de igualdad deben trabajar para garantizar que todos los productos est\u00e9n claramente etiquetados y sean seguros.<\/p>\n<p>Contratar a un <a href=\"https:\/\/www.sternberglawoffice.com\/the-top-4-reasons-to-call-a-personal-injury-lawyer\/\">abogado de lesiones personales <\/a>de nuestro bufete de abogados garantizar\u00e1 que se identifique a la parte (o partes) responsable y ayudar\u00e1 a determinar el curso de acci\u00f3n correcto para seguir adelante.<\/p>\n<p>Algunos de los servicios que nuestro equipo legal te proporcionar\u00e1 si nos contratas para que te ayudemos con tu caso de accidente agr\u00edcola incluyen:<\/p>\n<ul>\n<li>Presentaci\u00f3n de la demanda inicial por da\u00f1os personales<\/li>\n<li><a href=\"https:\/\/www.sternberglawoffice.com\/guidelines-for-fair-workers-comp-in-florida\/\">Determinaci\u00f3n de unaindemnizaci\u00f3n justa<\/a><\/li>\n<li>Coordinar el testimonio de los peritos (cuando sea necesario)<\/li>\n<li>Reunir y organizar toda la documentaci\u00f3n necesaria<\/li>\n<li><a href=\"https:\/\/www.sternberglawoffice.com\/workers-compensation-settlements-florida\/\">Evaluaci\u00f3n de los acuerdos ofrecidos<\/a><\/li>\n<\/ul>\n<h2>Entendiendo los Accidentes Agr\u00edcolas de Florida<\/h2>\n<p>Seg\u00fan la Administraci\u00f3n de Seguridad y Salud en el Trabajo, la agricultura est\u00e1 considerada como una de las industrias m\u00e1s peligrosas del pa\u00eds. Cada a\u00f1o, los accidentes relacionados con las granjas causan alrededor de 113 muertes en personas menores de 20 a\u00f1os. Adem\u00e1s de las v\u00edctimas mortales, estos accidentes tambi\u00e9n provocan miles de lesiones no mortales en adolescentes y adultos.<\/p>\n<h2>Los Accidentes Agr\u00edcolas m\u00e1s Comunes en Florida<\/h2>\n<p>Aunque hay una amplia gama de accidentes agr\u00edcolas que pueden ocurrir, algunos son m\u00e1s comunes que otros. Los accidentes agr\u00edcolas m\u00e1s comunes que ocurren en Florida incluyen:<\/p>\n<h3>Accidentes con Tractores<\/h3>\n<p>Los accidentes con tractores son una de las principales causas de mortalidad en las explotaciones agr\u00edcolas. Parte de la seguridad de los tractores incluye el dise\u00f1o, el mantenimiento y los procedimientos de funcionamiento adecuados de estas m\u00e1quinas. Si se descuida uno solo de estos elementos, pueden producirse graves consecuencias, como accidentes que provoquen lesiones y muertes. Los accidentes de tractor pueden cambiar la vida de la persona lesionada y de su familia.<\/p>\n<p>Hay varias circunstancias que pueden provocar accidentes de tractor. Estas circunstancias incluyen:<\/p>\n<ul>\n<li>Atropello<\/li>\n<li>Volcaduras<\/li>\n<li>Enredo<\/li>\n<li>Colisiones<\/li>\n<\/ul>\n<p>En muchos casos, los accidentes de tractor provocan lesiones graves. La masa y el tama\u00f1o de la m\u00e1quina, junto con los \u00e1ngulos agudos, pueden causar lesiones debilitantes, que incluyen graves fracturas \u00f3seas, lesiones en los \u00f3rganos vitales y lesiones en la m\u00e9dula espinal.<\/p>\n<h3>Accidentes con Cosechadoras<\/h3>\n<p>Otro tipo com\u00fan de lesi\u00f3n relacionada con las granjas es la que involucra a las cosechadoras. Debido a la forma y el tama\u00f1o de esta m\u00e1quina, y a las condiciones de trabajo, cualquier tipo de accidente en el que est\u00e9 implicada una cosechadora puede causar lesiones traum\u00e1ticas y catastr\u00f3ficas. En un momento, puedes descubrir que te enfrentas a una vida de dolor, discapacidad, e incluso una vida acortada.<\/p>\n<p>Algunas de las causas m\u00e1s comunes de los accidentes con cosechadoras son:<\/p>\n<ul>\n<li>Error del operador<\/li>\n<li>Funcionamiento incorrecto en las v\u00edas<\/li>\n<li>Negligencia del propietario<\/li>\n<li>Negligenciaen el mantenimiento<\/li>\n<li>Vuelco de las cosechadoras<\/li>\n<\/ul>\n<h3>Ca\u00eddas<\/h3>\n<p>Trabajar en una granja conlleva muchas situaciones potencialmente peligrosas y arriesgadas. Una es la ca\u00edda. Desde subirse a los silos y escalar los graneros hasta trabajar en los \u00e1rboles, hay varias situaciones en las que los trabajadores agr\u00edcolas pueden necesitar estar a gran altura para hacer su trabajo. Desgraciadamente, una ca\u00edda desde estas alturas puede provocar roturas de huesos, traumatismos craneoencef\u00e1licos y otras lesiones graves que pueden tener consecuencias que alteren la vida.<\/p>\n<h3>Estr\u00e9s por Calor<\/h3>\n<p>La mayor\u00eda de los trabajadores agr\u00edcolas est\u00e1n expuestos al sol de Florida la mayor parte del d\u00eda. Por desgracia, estas condiciones no s\u00f3lo son inc\u00f3modas, sino que tambi\u00e9n pueden ser mortales. Los casos de estr\u00e9s por calor pueden provocar calambres por calor, deshidrataci\u00f3n, mareos, problemas card\u00edacos e incluso un golpe de calor. En algunas situaciones, estas lesiones requieren tratamiento m\u00e9dico inmediato.<\/p>\n<h3>Exposici\u00f3n a Plaguicidas y Otras Sustancias Qu\u00edmicas T\u00f3xicas<\/h3>\n<p>No es raro que los trabajadores agr\u00edcolas trabajen casi a diario con diferentes pesticidas y otros productos qu\u00edmicos. El uso prolongado de estos art\u00edculos puede provocar v\u00f3mitos, erupciones cut\u00e1neas, &#8220;pulm\u00f3n de granjero&#8221; y otros problemas respiratorios.<\/p>\n<h2>Contacta con Nuestros Abogados Especializados en Lesiones Laborales para Proteger tus Derechos<\/h2>\n<p>Los trabajadores agr\u00edcolas est\u00e1n expuestos a muchos riesgos en sus tareas cotidianas. Si te lesionas mientras trabajas en una granja, tienes derecho a recibir una indemnizaci\u00f3n por accidente de trabajo, al igual que en cualquier otra profesi\u00f3n. Si tienes preguntas sobre esto o te han negado estos beneficios, <a href=\"https:\/\/www.sternberglawoffice.com\/contact-us\/\">ponte en contacto con nuestros abogados de lesiones laborales <\/a>en Sternberg Forsythe, P.A. para discutir tus opciones y derechos.<\/p>\n<p><a href=\"https:\/\/www.sternberglawoffice.com\/attorneys\/\">Nuestro equipo legal <\/a>ha representado a los trabajadores agr\u00edcolas durante a\u00f1os y luchar\u00e1 agresivamente para ayudarte a recibir los beneficios que mereces por las lesiones y da\u00f1os que sufriste.<\/p>\n","protected":false},"excerpt":{"rendered":"<p>Trabajar en una granja es un trabajo duro que requiere muchas horas al d\u00eda. Factores como los horarios prolongados, las condiciones de trabajo calurosas, la maquinaria pesada y los animales contribuyen a los accidentes agr\u00edcolas en Florida. Sin embargo, cuando se produce un accidente agr\u00edcola, quiz\u00e1s te preguntes qu\u00e9 derechos tienes. En estas situaciones, uno [&hellip;]<\/p>\n","protected":false},"author":13,"featured_media":0,"parent":0,"menu_order":0,"comment_status":"closed","ping_status":"closed","template":"","meta":{"_acf_changed":false,"footnotes":""},"class_list":["post-13253","page","type-page","status-publish","hentry"],"acf":[],"yoast_head":"<!-- This site is optimized with the Yoast SEO plugin v27.3 - https:\/\/yoast.com\/product\/yoast-seo-wordpress\/ -->\n<title>Accidentes Agr\u00edcolas en Florida - SternbergForsythe, P.A.<\/title>\n<meta name=\"description\" content=\"cuando ocurre un accidente en una granja, los primeros pasos que debes dar es contactar con nuestros abogados de accidentes de trabajo en SternbergForsythe\" \/>\n<meta name=\"robots\" content=\"index, follow, max-snippet:-1, max-image-preview:large, max-video-preview:-1\" \/>\n<link rel=\"canonical\" href=\"https:\/\/www.sternberglawoffice.com\/espanol\/accidentes-agricolas-en-florida\/\" \/>\n<meta property=\"og:locale\" content=\"en_US\" \/>\n<meta property=\"og:type\" content=\"article\" \/>\n<meta property=\"og:title\" content=\"Accidentes Agr\u00edcolas en Florida - SternbergForsythe, P.A.\" \/>\n<meta property=\"og:description\" content=\"cuando ocurre un accidente en una granja, los primeros pasos que debes dar es contactar con nuestros abogados de accidentes de trabajo en SternbergForsythe\" \/>\n<meta property=\"og:url\" content=\"https:\/\/www.sternberglawoffice.com\/espanol\/accidentes-agricolas-en-florida\/\" \/>\n<meta property=\"og:site_name\" content=\"Sternberg | Forsythe, P.A.\" \/>\n<meta property=\"article:modified_time\" content=\"2023-07-24T07:36:36+00:00\" \/>\n<meta name=\"twitter:card\" content=\"summary_large_image\" \/>\n<meta name=\"twitter:label1\" content=\"Est. reading time\" \/>\n\t<meta name=\"twitter:data1\" content=\"4 minutes\" \/>\n<script type=\"application\/ld+json\" class=\"yoast-schema-graph\">{\"@context\":\"https:\\\/\\\/schema.org\",\"@graph\":[{\"@type\":\"WebPage\",\"@id\":\"https:\\\/\\\/www.sternberglawoffice.com\\\/espanol\\\/accidentes-agricolas-en-florida\\\/\",\"url\":\"https:\\\/\\\/www.sternberglawoffice.com\\\/espanol\\\/accidentes-agricolas-en-florida\\\/\",\"name\":\"Accidentes Agr\u00edcolas en Florida - SternbergForsythe, P.A.\",\"isPartOf\":{\"@id\":\"https:\\\/\\\/www.sternberglawoffice.com\\\/espanol\\\/#website\"},\"datePublished\":\"2022-06-03T05:45:20+00:00\",\"dateModified\":\"2023-07-24T07:36:36+00:00\",\"description\":\"cuando ocurre un accidente en una granja, los primeros pasos que debes dar es contactar con nuestros abogados de accidentes de trabajo en SternbergForsythe\",\"inLanguage\":\"en-US\",\"potentialAction\":[{\"@type\":\"ReadAction\",\"target\":[\"https:\\\/\\\/www.sternberglawoffice.com\\\/espanol\\\/accidentes-agricolas-en-florida\\\/\"]}]},{\"@type\":\"WebSite\",\"@id\":\"https:\\\/\\\/www.sternberglawoffice.com\\\/espanol\\\/#website\",\"url\":\"https:\\\/\\\/www.sternberglawoffice.com\\\/espanol\\\/\",\"name\":\"Sternberg | Forsythe, P.A.\",\"description\":\"Just another Sternberg | Forsythe, P.A. Sites site\",\"potentialAction\":[{\"@type\":\"SearchAction\",\"target\":{\"@type\":\"EntryPoint\",\"urlTemplate\":\"https:\\\/\\\/www.sternberglawoffice.com\\\/espanol\\\/?s={search_term_string}\"},\"query-input\":{\"@type\":\"PropertyValueSpecification\",\"valueRequired\":true,\"valueName\":\"search_term_string\"}}],\"inLanguage\":\"en-US\"}]}<\/script>\n<!-- \/ Yoast SEO plugin. -->","yoast_head_json":{"title":"Accidentes Agr\u00edcolas en Florida - SternbergForsythe, P.A.","description":"cuando ocurre un accidente en una granja, los primeros pasos que debes dar es contactar con nuestros abogados de accidentes de trabajo en SternbergForsythe","robots":{"index":"index","follow":"follow","max-snippet":"max-snippet:-1","max-image-preview":"max-image-preview:large","max-video-preview":"max-video-preview:-1"},"canonical":"https:\/\/www.sternberglawoffice.com\/espanol\/accidentes-agricolas-en-florida\/","og_locale":"en_US","og_type":"article","og_title":"Accidentes Agr\u00edcolas en Florida - SternbergForsythe, P.A.","og_description":"cuando ocurre un accidente en una granja, los primeros pasos que debes dar es contactar con nuestros abogados de accidentes de trabajo en SternbergForsythe","og_url":"https:\/\/www.sternberglawoffice.com\/espanol\/accidentes-agricolas-en-florida\/","og_site_name":"Sternberg | Forsythe, P.A.","article_modified_time":"2023-07-24T07:36:36+00:00","twitter_card":"summary_large_image","twitter_misc":{"Est. reading time":"4 minutes"},"schema":{"@context":"https:\/\/schema.org","@graph":[{"@type":"WebPage","@id":"https:\/\/www.sternberglawoffice.com\/espanol\/accidentes-agricolas-en-florida\/","url":"https:\/\/www.sternberglawoffice.com\/espanol\/accidentes-agricolas-en-florida\/","name":"Accidentes Agr\u00edcolas en Florida - SternbergForsythe, P.A.","isPartOf":{"@id":"https:\/\/www.sternberglawoffice.com\/espanol\/#website"},"datePublished":"2022-06-03T05:45:20+00:00","dateModified":"2023-07-24T07:36:36+00:00","description":"cuando ocurre un accidente en una granja, los primeros pasos que debes dar es contactar con nuestros abogados de accidentes de trabajo en SternbergForsythe","inLanguage":"en-US","potentialAction":[{"@type":"ReadAction","target":["https:\/\/www.sternberglawoffice.com\/espanol\/accidentes-agricolas-en-florida\/"]}]},{"@type":"WebSite","@id":"https:\/\/www.sternberglawoffice.com\/espanol\/#website","url":"https:\/\/www.sternberglawoffice.com\/espanol\/","name":"Sternberg | Forsythe, P.A.","description":"Just another Sternberg | Forsythe, P.A. Sites site","potentialAction":[{"@type":"SearchAction","target":{"@type":"EntryPoint","urlTemplate":"https:\/\/www.sternberglawoffice.com\/espanol\/?s={search_term_string}"},"query-input":{"@type":"PropertyValueSpecification","valueRequired":true,"valueName":"search_term_string"}}],"inLanguage":"en-US"}]}},"_links":{"self":[{"href":"https:\/\/www.sternberglawoffice.com\/espanol\/wp-json\/wp\/v2\/pages\/13253","targetHints":{"allow":["GET"]}}],"collection":[{"href":"https:\/\/www.sternberglawoffice.com\/espanol\/wp-json\/wp\/v2\/pages"}],"about":[{"href":"https:\/\/www.sternberglawoffice.com\/espanol\/wp-json\/wp\/v2\/types\/page"}],"author":[{"embeddable":true,"href":"https:\/\/www.sternberglawoffice.com\/espanol\/wp-json\/wp\/v2\/users\/13"}],"replies":[{"embeddable":true,"href":"https:\/\/www.sternberglawoffice.com\/espanol\/wp-json\/wp\/v2\/comments?post=13253"}],"version-history":[{"count":0,"href":"https:\/\/www.sternberglawoffice.com\/espanol\/wp-json\/wp\/v2\/pages\/13253\/revisions"}],"wp:attachment":[{"href":"https:\/\/www.sternberglawoffice.com\/espanol\/wp-json\/wp\/v2\/media?parent=13253"}],"curies":[{"name":"wp","href":"https:\/\/api.w.org\/{rel}","templated":true}]}}